{"id":562,"date":"2014-06-27T13:59:45","date_gmt":"2014-06-27T11:59:45","guid":{"rendered":"https:\/\/www.maanrakennusalamaki.fi\/contact-us-2\/"},"modified":"2026-02-12T08:02:43","modified_gmt":"2026-02-12T06:02:43","slug":"kontakta-oss","status":"publish","type":"page","link":"https:\/\/www.maanrakennusalamaki.fi\/sv\/kontakta-oss\/","title":{"rendered":"Kontakta oss"},"content":{"rendered":"","protected":false},"excerpt":{"rendered":"<p>Ring oss p\u00e5 +358 207 545 800, skicka ett meddelande till myynti(at)mra.fi eller l\u00e4mna dina kontaktuppgifter med formul\u00e4ret. Vill du ha en entreprenadoffert kan du fr\u00e5ga arbetschefen direkt.<\/p>\n","protected":false},"author":5,"featured_media":0,"parent":0,"menu_order":25,"comment_status":"open","ping_status":"open","template":"templates\/multipurpose-page.php","meta":{"_acf_changed":false,"_monsterinsights_skip_tracking":false,"_monsterinsights_sitenote_active":false,"_monsterinsights_sitenote_note":"","_monsterinsights_sitenote_category":0,"footnotes":""},"class_list":["post-562","page","type-page","status-publish","hentry"],"acf":[],"_links":{"self":[{"href":"https:\/\/www.maanrakennusalamaki.fi\/sv\/wp-json\/wp\/v2\/pages\/562","targetHints":{"allow":["GET"]}}],"collection":[{"href":"https:\/\/www.maanrakennusalamaki.fi\/sv\/wp-json\/wp\/v2\/pages"}],"about":[{"href":"https:\/\/www.maanrakennusalamaki.fi\/sv\/wp-json\/wp\/v2\/types\/page"}],"author":[{"embeddable":true,"href":"https:\/\/www.maanrakennusalamaki.fi\/sv\/wp-json\/wp\/v2\/users\/5"}],"replies":[{"embeddable":true,"href":"https:\/\/www.maanrakennusalamaki.fi\/sv\/wp-json\/wp\/v2\/comments?post=562"}],"version-history":[{"count":26,"href":"https:\/\/www.maanrakennusalamaki.fi\/sv\/wp-json\/wp\/v2\/pages\/562\/revisions"}],"predecessor-version":[{"id":1458,"href":"https:\/\/www.maanrakennusalamaki.fi\/sv\/wp-json\/wp\/v2\/pages\/562\/revisions\/1458"}],"wp:attachment":[{"href":"https:\/\/www.maanrakennusalamaki.fi\/sv\/wp-json\/wp\/v2\/media?parent=562"}],"curies":[{"name":"wp","href":"https:\/\/api.w.org\/{rel}","templated":true}]}}