{"id":559,"date":"2014-06-27T13:59:35","date_gmt":"2014-06-27T11:59:35","guid":{"rendered":"https:\/\/www.maanrakennusalamaki.fi\/maanrakennus-alamaki-oy-2\/"},"modified":"2026-01-15T08:17:28","modified_gmt":"2026-01-15T06:17:28","slug":"mra-transport-markbyggnad-ab","status":"publish","type":"page","link":"https:\/\/www.maanrakennusalamaki.fi\/sv\/mra-transport-markbyggnad-ab\/","title":{"rendered":"Maanrakennus Alam\u00e4ki Oy"},"content":{"rendered":"<h3>Ett p\u00e5litligt familjef\u00f6retag<\/h3>\n<p>Maanrakennus Alam\u00e4ki Oy \u00e4r ett familjef\u00f6retag som grundades 1962 och som specialiserat sig p\u00e5 fabrikstj\u00e4nster och infrastrukturbyggnad. F\u00f6retaget har 100 erfarna och kunniga anst\u00e4llda. Som ett bevis p\u00e5 v\u00e5ra kunskaper och verksamhetens kvalitet har vi beviljats certifikaten ISO 9001 och OHSAS 18001 samt Rakentamisen Laatu RALA ry:s kompetensintyg.<\/p>\n<h3>Historik<\/h3>\n<p>I b\u00f6rjan av 1960-talet k\u00f6pte Pentti Alam\u00e4ki en v\u00e4ghyvel av sin f\u00f6rra arbetsgivare och grundade f\u00f6retaget Tmi. Tornion Kone \u00e5r 1962. I b\u00f6rjan av 1970-talet bytte f\u00f6retaget namn till Maansiirtoliike Pentti Alam\u00e4ki. Fram till 1984 var f\u00f6retaget ett renodlat schaktningsf\u00f6retag, varefter det utvidgade sitt verksamhetsomr\u00e5de till att \u00e4ven omfatta markentreprenader, industritj\u00e4nster, bortfr\u00e4sning av oljegrus och r\u00f6jning av sly. F\u00f6retaget utf\u00f6rde olika v\u00e4garbeten fr\u00e5n Utsjoki till Hang\u00f6, deltog i Kostamus-projektet 1974\u20131985 och arbetade f\u00f6r svenska V\u00e4gverket p\u00e5 1980-talet. 1984 tecknade f\u00f6retaget sitt f\u00f6rsta avtal med Outokumpu Oy om t\u00f6mning av kromt\u00e5g. I samband med ett generationsskifte 1993 bytte f\u00f6retaget namn till Maanrakennus Alam\u00e4ki Oy.<\/p>\n<p>Idag erbjuder f\u00f6retaget fabrikstj\u00e4nster som t.ex. f\u00f6rflyttning av \u00e5tervinningsst\u00e5l och st\u00e5lrullar samt f\u00f6rflyttning av ljusb\u00e5gsugnar, AOD och sk\u00e4nkar. Industritj\u00e4nsterna skr\u00e4ddarsys efter kundens \u00f6nskem\u00e5l och funktionerna utvecklas i samarbete med best\u00e4llarna. Byggf\u00f6retag och andra industrianl\u00e4ggningar anlitar ocks\u00e5 f\u00f6retaget. F\u00f6retaget samarbetar med ca 40 olika best\u00e4llare. Traditionella markbyggnadsarbeten har fortfarande en central roll i konglomeratet.<\/p>\n<p>Bolagets kontor ligger idag i p\u00e5 F\u00e4rim\u00e4enkatu 4 i Torppi industriomr\u00e5de i Torne\u00e5, dit man flyttade v\u00e5ren 2007. Samtidigt b\u00f6rjade f\u00f6retaget \u00e4ven hyra ut fastigheter. F\u00f6rutom egna lokaler har f\u00f6retaget Itella och A-Katsastus som hyresg\u00e4ster i fastigheten. Fastighetsuthyrningsverksamheten ut\u00f6kades v\u00e5ren 2011 d\u00e5 en helt ny fastighet stod klar och Ahlsell Oy flyttade in som hyresg\u00e4st. F\u00f6retaget genomg\u00e5r f\u00f6r n\u00e4rvarande ett generationsskifte, d\u00e4r man \u00f6verf\u00f6r ansvaret f\u00f6r familjef\u00f6retaget till den yngre generationen.<\/p>\n","protected":false},"excerpt":{"rendered":"<p>Maanrakennus Alam\u00e4ki Oy \u00e4r ett Torne\u00e5baserat f\u00f6retag som bl.a. erbjuder markbyggnads- och lavettransporttj\u00e4nster. 50 \u00e5rs erfarenhet som samarbetspartner till f\u00f6retag i Havslappland garanterar p\u00e5litlig service.<\/p>\n","protected":false},"author":5,"featured_media":0,"parent":0,"menu_order":21,"comment_status":"open","ping_status":"open","template":"","meta":{"_acf_changed":false,"_monsterinsights_skip_tracking":false,"_monsterinsights_sitenote_active":false,"_monsterinsights_sitenote_note":"","_monsterinsights_sitenote_category":0,"footnotes":""},"class_list":["post-559","page","type-page","status-publish","hentry"],"acf":[],"_links":{"self":[{"href":"https:\/\/www.maanrakennusalamaki.fi\/sv\/wp-json\/wp\/v2\/pages\/559","targetHints":{"allow":["GET"]}}],"collection":[{"href":"https:\/\/www.maanrakennusalamaki.fi\/sv\/wp-json\/wp\/v2\/pages"}],"about":[{"href":"https:\/\/www.maanrakennusalamaki.fi\/sv\/wp-json\/wp\/v2\/types\/page"}],"author":[{"embeddable":true,"href":"https:\/\/www.maanrakennusalamaki.fi\/sv\/wp-json\/wp\/v2\/users\/5"}],"replies":[{"embeddable":true,"href":"https:\/\/www.maanrakennusalamaki.fi\/sv\/wp-json\/wp\/v2\/comments?post=559"}],"version-history":[{"count":6,"href":"https:\/\/www.maanrakennusalamaki.fi\/sv\/wp-json\/wp\/v2\/pages\/559\/revisions"}],"predecessor-version":[{"id":1455,"href":"https:\/\/www.maanrakennusalamaki.fi\/sv\/wp-json\/wp\/v2\/pages\/559\/revisions\/1455"}],"wp:attachment":[{"href":"https:\/\/www.maanrakennusalamaki.fi\/sv\/wp-json\/wp\/v2\/media?parent=559"}],"curies":[{"name":"wp","href":"https:\/\/api.w.org\/{rel}","templated":true}]}}